{"id":635,"date":"2024-08-07T19:53:25","date_gmt":"2024-08-07T17:53:25","guid":{"rendered":"https:\/\/stagetheatrechassieu.fr\/?page_id=635"},"modified":"2026-01-19T11:14:34","modified_gmt":"2026-01-19T10:14:34","slug":"stages-adultes-theatre-chassieu-2","status":"publish","type":"page","link":"https:\/\/stagetheatrechassieu.fr\/index.php\/stages-adultes-theatre-chassieu-2\/","title":{"rendered":"Stages Adultes"},"content":{"rendered":"\n<div class=\"wp-block-columns is-layout-flex wp-container-core-columns-is-layout-28f84493 wp-block-columns-is-layout-flex\">\n<div class=\"wp-block-column is-content-justification-center is-layout-constrained wp-container-core-column-is-layout-8e50e71c wp-block-column-is-layout-constrained\" style=\"padding-top:var(--wp--preset--spacing--60);padding-right:0;padding-bottom:var(--wp--preset--spacing--60);padding-left:0\">\n<h2 class=\"wp-block-heading\">Stages Adultes<\/h2>\n\n\n\n<p>Ces stages de th\u00e9\u00e2tre pour adultes vous sont propos\u00e9s par la <a href=\"https:\/\/www.chassieu.fr\/association\/compagnie-decalages\/\">compagnie D\u00e9calages<\/a> \u00e0 Chassieu.<\/p>\n<\/div>\n\n\n\n<div class=\"wp-block-column has-background-background-color has-background is-layout-constrained wp-container-core-column-is-layout-2d1a2019 wp-block-column-is-layout-constrained\" style=\"padding-top:var(--wp--preset--spacing--60);padding-right:0;padding-bottom:var(--wp--preset--spacing--60);padding-left:0\">\n<h3 class=\"wp-block-heading has-text-align-center\">Explorez <\/h3>\n\n\n\n<h3 class=\"wp-block-heading has-text-align-center\">vos \u00e9motions<\/h3>\n\n\n\n<p class=\"has-text-align-center\">22\/11\/2025 &#8211; 9h\/13h<\/p>\n\n\n\n<p class=\"has-text-align-center\">21\/02\/2026 &#8211; 9h\/13h<\/p>\n\n\n\n<p class=\"has-text-align-center\">30\/05\/2026 &#8211; 9h\/13h<\/p>\n\n\n\n<div style=\"height:20px\" aria-hidden=\"true\" class=\"wp-block-spacer\"><\/div>\n\n\n\n<figure class=\"wp-block-image size-full\"><img loading=\"lazy\" decoding=\"async\" width=\"915\" height=\"915\" src=\"https:\/\/stagetheatrechassieu.fr\/wp-content\/uploads\/2024\/08\/emotions-2-1.png\" alt=\"stages th\u00e9\u00e2tre adultes \u00e9motions\" class=\"wp-image-660\" srcset=\"https:\/\/stagetheatrechassieu.fr\/wp-content\/uploads\/2024\/08\/emotions-2-1.png 915w, https:\/\/stagetheatrechassieu.fr\/wp-content\/uploads\/2024\/08\/emotions-2-1-300x300.png 300w, https:\/\/stagetheatrechassieu.fr\/wp-content\/uploads\/2024\/08\/emotions-2-1-150x150.png 150w, https:\/\/stagetheatrechassieu.fr\/wp-content\/uploads\/2024\/08\/emotions-2-1-768x768.png 768w\" sizes=\"auto, (max-width: 915px) 100vw, 915px\" \/><\/figure>\n\n\n\n<details class=\"wp-block-details has-quicksand-font-family is-layout-flow wp-block-details-is-layout-flow\" style=\"font-size:14px\"><summary>En savoir plus<\/summary>\n<p>Plongez dans un univers cr\u00e9atif o\u00f9 vous apprendrez \u00e0 explorer et exprimer vos \u00e9motions \u00e0 travers des techniques th\u00e9\u00e2trales.<\/p>\n\n\n\n<div style=\"height:12px\" aria-hidden=\"true\" class=\"wp-block-spacer\"><\/div>\n\n\n\n<p>Ce stage d\u00e9couverte vous offrira un espace bienveillant pour d\u00e9couvrir vos ressentis et am\u00e9liorer votre confiance en vous. Gr\u00e2ce \u00e0 des exercices interactifs et sous la direction bienveillante de nos intervenants exp\u00e9riment\u00e9s, vous d\u00e9velopperez une meilleure compr\u00e9hension de vous-m\u00eame et des autres.<\/p>\n\n\n\n<div style=\"height:12px\" aria-hidden=\"true\" class=\"wp-block-spacer\"><\/div>\n\n\n\n<p>Pourquoi participer ?<\/p>\n\n\n\n<ol class=\"wp-block-list\">\n<li>Vous exprimer librement : Le th\u00e9\u00e2tre est un espace o\u00f9 vous pouvez explorer et exprimer vos \u00e9motions sans jugement.<\/li>\n\n\n\n<li>D\u00e9velopper votre confiance en vous : En jouant devant d\u2019autres participants, vous apprendrez \u00e0 mieux vous conna\u00eetre et \u00e0 renforcer votre estime de soi.<\/li>\n\n\n\n<li>Am\u00e9liorer vos comp\u00e9tences sociales: Le travail en groupe, avec et devant les autres, vous aidera \u00e0 d\u00e9velopper votre empathie et \u00e0 am\u00e9liorer vos interactions sociales.<\/li>\n\n\n\n<li>Lib\u00e9rer votre cr\u00e9ativit\u00e9 : Laissez libre cours \u00e0 votre imagination et d\u00e9couvrez de nouvelles fa\u00e7ons de vous exprimer.<\/li>\n<\/ol>\n\n\n\n<div style=\"height:12px\" aria-hidden=\"true\" class=\"wp-block-spacer\"><\/div>\n\n\n\n<p>Quel que soit votre niveau, rejoignez-nous pour cette exp\u00e9rience th\u00e9\u00e2trale qui \u00e9veillera votre cr\u00e9ativit\u00e9 et stimulera votre intelligence \u00e9motionnelle !<\/p>\n\n\n\n<div style=\"height:20px\" aria-hidden=\"true\" class=\"wp-block-spacer\"><\/div>\n<\/details>\n\n\n\n<hr class=\"wp-block-separator has-text-color has-primary-color has-alpha-channel-opacity has-primary-background-color has-background is-style-wide is-style-wide--1\"\/>\n\n\n\n<div style=\"height:40px\" aria-hidden=\"true\" class=\"wp-block-spacer\"><\/div>\n\n\n\n<div class=\"wp-block-buttons is-content-justification-center is-layout-flex wp-container-core-buttons-is-layout-a89b3969 wp-block-buttons-is-layout-flex\">\n<div class=\"wp-block-button\"><a class=\"wp-block-button__link wp-element-button\" href=\"https:\/\/www.helloasso.com\/associations\/compagnie-decalages\/adhesions\/stage-theatre-adulte-explorez-vos-emotions-2025-2026\" target=\"_blank\" rel=\"noreferrer noopener\">Inscription<\/a><\/div>\n<\/div>\n<\/div>\n\n\n\n<div class=\"wp-block-column has-background-background-color has-background is-layout-constrained wp-container-core-column-is-layout-2d1a2019 wp-block-column-is-layout-constrained\" style=\"padding-top:var(--wp--preset--spacing--60);padding-right:0;padding-bottom:var(--wp--preset--spacing--60);padding-left:0\">\n<h3 class=\"wp-block-heading has-text-align-center\">Exprimez-vous <\/h3>\n\n\n\n<h3 class=\"wp-block-heading has-text-align-center\">avec confiance<\/h3>\n\n\n\n<p class=\"has-text-align-center\">13\/12\/2025 &#8211; 9h\/13h<\/p>\n\n\n\n<p class=\"has-text-align-center\">21\/03\/2026 &#8211; 14h\/18h<\/p>\n\n\n\n<p class=\"has-text-align-center\">13\/06\/2026 &#8211; 14h\/18h<\/p>\n\n\n\n<div style=\"height:20px\" aria-hidden=\"true\" class=\"wp-block-spacer\"><\/div>\n\n\n\n<figure class=\"wp-block-image size-full\"><img loading=\"lazy\" decoding=\"async\" width=\"915\" height=\"915\" src=\"https:\/\/stagetheatrechassieu.fr\/wp-content\/uploads\/2024\/08\/parole-public-2.png\" alt=\"stages th\u00e9\u00e2tre adultes parole public confiance\" class=\"wp-image-655\" srcset=\"https:\/\/stagetheatrechassieu.fr\/wp-content\/uploads\/2024\/08\/parole-public-2.png 915w, https:\/\/stagetheatrechassieu.fr\/wp-content\/uploads\/2024\/08\/parole-public-2-300x300.png 300w, https:\/\/stagetheatrechassieu.fr\/wp-content\/uploads\/2024\/08\/parole-public-2-150x150.png 150w, https:\/\/stagetheatrechassieu.fr\/wp-content\/uploads\/2024\/08\/parole-public-2-768x768.png 768w\" sizes=\"auto, (max-width: 915px) 100vw, 915px\" \/><\/figure>\n\n\n\n<details class=\"wp-block-details has-quicksand-font-family is-layout-flow wp-block-details-is-layout-flow\" style=\"font-size:14px\"><summary>En savoir plus<\/summary>\n<p>Prenez la sc\u00e8ne, ma\u00eetrisez votre voix, et captivez votre auditoire !<\/p>\n\n\n\n<div style=\"height:12px\" aria-hidden=\"true\" class=\"wp-block-spacer\"><\/div>\n\n\n\n<p>Vous r\u00eavez de parler en public avec aisance et confiance ? Vous souhaitez captiver votre audience lors de vos pr\u00e9sentations professionnelles, discours, ou m\u00eame en famille ? Ce stage est fait pour vous !<\/p>\n\n\n\n<div style=\"height:12px\" aria-hidden=\"true\" class=\"wp-block-spacer\"><\/div>\n\n\n\n<p>Dans un environnement chaleureux et bienveillant, vous apprendrez \u00e0 ma\u00eetriser votre voix et \u00e0 contr\u00f4ler votre langage corporel pour faire des discours plus percutants. Gr\u00e2ce \u00e0 des exercices ludiques, vous d\u00e9velopperez votre aisance et votre charisme sur sc\u00e8ne, tout en vous amusant !<\/p>\n\n\n\n<div style=\"height:12px\" aria-hidden=\"true\" class=\"wp-block-spacer\"><\/div>\n\n\n\n<p>Pourquoi participer \u00e0 notre atelier ?<\/p>\n\n\n\n<ol class=\"wp-block-list\">\n<li>D\u00e9velopper votre assurance : Apprenez des techniques th\u00e9\u00e2trales pour g\u00e9rer le trac, contr\u00f4ler votre voix et occuper l\u2019espace avec charisme.<\/li>\n\n\n\n<li>Vous exprimer avec impact : D\u00e9couvrez comment utiliser votre corps, vos gestes et votre regard pour transmettre vos id\u00e9es de mani\u00e8re percutante.<\/li>\n\n\n\n<li>Gagner en authenticit\u00e9 : Le th\u00e9\u00e2tre vous permet d\u2019explorer diff\u00e9rentes facettes de votre personnalit\u00e9 et de vous connecter \u00e0 votre v\u00e9ritable voix.<\/li>\n<\/ol>\n\n\n\n<div style=\"height:12px\" aria-hidden=\"true\" class=\"wp-block-spacer\"><\/div>\n\n\n\n<p>Rejoignez-nous et faites le premier pas vers une version plus confiante de vous-m\u00eame.<\/p>\n\n\n\n<div style=\"height:20px\" aria-hidden=\"true\" class=\"wp-block-spacer\"><\/div>\n<\/details>\n\n\n\n<hr class=\"wp-block-separator has-text-color has-primary-color has-alpha-channel-opacity has-primary-background-color has-background is-style-wide is-style-wide--2\"\/>\n\n\n\n<div style=\"height:40px\" aria-hidden=\"true\" class=\"wp-block-spacer\"><\/div>\n\n\n\n<div class=\"wp-block-buttons is-content-justification-center is-layout-flex wp-container-core-buttons-is-layout-a89b3969 wp-block-buttons-is-layout-flex\">\n<div class=\"wp-block-button\"><a class=\"wp-block-button__link wp-element-button\" href=\"https:\/\/www.helloasso.com\/associations\/compagnie-decalages\/adhesions\/stage-theatre-adulte-exprimez-vous-avec-confiance-2025-2026\" target=\"_blank\" rel=\"noreferrer noopener\">Inscription<\/a><\/div>\n<\/div>\n<\/div>\n<\/div>\n\n\n\n<div class=\"wp-block-columns is-layout-flex wp-container-core-columns-is-layout-ec2e7a44 wp-block-columns-is-layout-flex\" style=\"padding-top:0;padding-bottom:0\">\n<div class=\"wp-block-column has-primary-background-color has-background is-layout-constrained wp-container-core-column-is-layout-4bb095d8 wp-block-column-is-layout-constrained\" style=\"padding-top:var(--wp--preset--spacing--80);padding-right:var(--wp--preset--spacing--20);padding-bottom:var(--wp--preset--spacing--80);padding-left:var(--wp--preset--spacing--20)\">\n<h2 class=\"wp-block-heading has-background-color has-text-color has-link-color wp-elements-eecdbe2d27b906ecaeb74b80740e9e3c\"><\/h2>\n<\/div>\n\n\n\n<div class=\"wp-block-column is-layout-constrained wp-container-core-column-is-layout-4bb095d8 wp-block-column-is-layout-constrained\" style=\"padding-top:var(--wp--preset--spacing--80);padding-right:var(--wp--preset--spacing--20);padding-bottom:var(--wp--preset--spacing--80);padding-left:var(--wp--preset--spacing--20)\">\n<h3 class=\"wp-block-heading has-text-align-center\">Lib\u00e9rez votre cr\u00e9ativit\u00e9<\/h3>\n\n\n\n<p class=\"has-text-align-center\">04\/10\/2025 &#8211; 9h\/13h<\/p>\n\n\n\n<p class=\"has-text-align-center\">07\/02\/2026 &#8211; 9h\/13h<\/p>\n\n\n\n<p class=\"has-text-align-center\">19\/04\/2026 &#8211; 9h\/13h<\/p>\n\n\n\n<div style=\"height:20px\" aria-hidden=\"true\" class=\"wp-block-spacer\"><\/div>\n\n\n\n<figure class=\"wp-block-image size-full\"><img loading=\"lazy\" decoding=\"async\" width=\"915\" height=\"915\" src=\"https:\/\/stagetheatrechassieu.fr\/wp-content\/uploads\/2024\/08\/impro-1.png\" alt=\"stages th\u00e9\u00e2tre adultes improvisation\" class=\"wp-image-662\" srcset=\"https:\/\/stagetheatrechassieu.fr\/wp-content\/uploads\/2024\/08\/impro-1.png 915w, https:\/\/stagetheatrechassieu.fr\/wp-content\/uploads\/2024\/08\/impro-1-300x300.png 300w, https:\/\/stagetheatrechassieu.fr\/wp-content\/uploads\/2024\/08\/impro-1-150x150.png 150w, https:\/\/stagetheatrechassieu.fr\/wp-content\/uploads\/2024\/08\/impro-1-768x768.png 768w\" sizes=\"auto, (max-width: 915px) 100vw, 915px\" \/><\/figure>\n\n\n\n<details class=\"wp-block-details has-quicksand-font-family is-layout-flow wp-block-details-is-layout-flow\" style=\"font-size:14px\"><summary>En savoir plus<\/summary>\n<p>Avec ou sans exp\u00e9rience pr\u00e9alable, osez l\u2019inattendu dans ce stage con\u00e7u pour vous aider \u00e0 l\u00e2cher prise, lib\u00e9rer votre imagination et am\u00e9liorer votre spontan\u00e9it\u00e9 dans une ambiance divertissante et bienveillante.<\/p>\n\n\n\n<div style=\"height:12px\" aria-hidden=\"true\" class=\"wp-block-spacer\"><\/div>\n\n\n\n<p>\u00c0 travers des exercices ludiques, vous d\u00e9couvrirez les bases de l\u2019improvisation th\u00e9\u00e2trale, vous apprendrez \u00e0 \u00e9couter et \u00e0 r\u00e9agir spontan\u00e9ment, vous exp\u00e9rimenterez la cr\u00e9ation d\u2019histoires et de personnages de mani\u00e8re collaborative.<\/p>\n\n\n\n<div style=\"height:12px\" aria-hidden=\"true\" class=\"wp-block-spacer\"><\/div>\n\n\n\n<p>Pourquoi participer ?<\/p>\n\n\n\n<ol class=\"wp-block-list\">\n<li>D\u00e9velopper votre cr\u00e9ativit\u00e9 : L\u2019improvisation stimule l\u2019imagination et encourage \u00e0 penser de mani\u00e8re originale et spontan\u00e9e<\/li>\n\n\n\n<li>Am\u00e9liorer votre gestion du stress : Apprendre \u00e0 improviser aide \u00e0 mieux g\u00e9rer les situations impr\u00e9vues et \u00e0 rester calme sous pression.<\/li>\n\n\n\n<li>Mieux vous conna\u00eetre : L\u2019improvisation permet de mieux se conna\u00eetre, de d\u00e9couvrir ses forces et ses faiblesses, et de travailler sur soi-m\u00eame de mani\u00e8re amusante.<\/li>\n<\/ol>\n\n\n\n<div style=\"height:12px\" aria-hidden=\"true\" class=\"wp-block-spacer\"><\/div>\n\n\n\n<p>Rejoignez-nous pour une exp\u00e9rience unique qui \u00e9veillera votre esprit et laissez-vous surprendre par l&rsquo;improvisation&nbsp;!<\/p>\n<\/details>\n\n\n\n<hr class=\"wp-block-separator has-text-color has-primary-color has-alpha-channel-opacity has-primary-background-color has-background is-style-wide is-style-wide--3\"\/>\n\n\n\n<div style=\"height:40px\" aria-hidden=\"true\" class=\"wp-block-spacer\"><\/div>\n\n\n\n<div class=\"wp-block-buttons is-content-justification-center is-layout-flex wp-container-core-buttons-is-layout-a89b3969 wp-block-buttons-is-layout-flex\">\n<div class=\"wp-block-button\"><a class=\"wp-block-button__link wp-element-button\" href=\"https:\/\/www.helloasso.com\/associations\/compagnie-decalages\/adhesions\/stage-theatre-adulte-liberez-votre-creativite-2025-2026\" target=\"_blank\" rel=\"noreferrer noopener\">Inscription<\/a><\/div>\n<\/div>\n<\/div>\n\n\n\n<div class=\"wp-block-column is-layout-constrained wp-container-core-column-is-layout-4bb095d8 wp-block-column-is-layout-constrained\" style=\"padding-top:var(--wp--preset--spacing--80);padding-right:var(--wp--preset--spacing--20);padding-bottom:var(--wp--preset--spacing--80);padding-left:var(--wp--preset--spacing--20)\"><\/div>\n<\/div>\n","protected":false},"excerpt":{"rendered":"<p>Stages Adultes Ces stages de th\u00e9\u00e2tre pour adultes vous sont propos\u00e9s par la compagnie D\u00e9calages \u00e0 Chassieu. Explorez vos \u00e9motions 22\/11\/2025 &#8211; 9h\/13h 21\/02\/2026 &#8211; 9h\/13h 30\/05\/2026 &#8211; 9h\/13h Exprimez-vous avec confiance 13\/12\/2025 &#8211; 9h\/13h 21\/03\/2026 &#8211; 14h\/18h 13\/06\/2026 &#8211; 14h\/18h Lib\u00e9rez votre cr\u00e9ativit\u00e9 04\/10\/2025 &#8211; 9h\/13h 07\/02\/2026 &#8211; 9h\/13h 19\/04\/2026 &#8211; 9h\/13h<\/p>\n","protected":false},"author":1,"featured_media":0,"parent":0,"menu_order":0,"comment_status":"closed","ping_status":"closed","template":"","meta":{"footnotes":""},"class_list":["post-635","page","type-page","status-publish","hentry"],"yoast_head":"<!-- This site is optimized with the Yoast SEO plugin v27.2 - https:\/\/yoast.com\/product\/yoast-seo-wordpress\/ -->\n<title>Stages adultes de th\u00e9\u00e2tre Chassieu<\/title>\n<meta name=\"description\" content=\"Stages de th\u00e9\u00e2tre adultes propos\u00e9s par la Compagnie D\u00e9calages sur la commune de Chassieu. Venez d\u00e9couvrir leurs forumules\" \/>\n<meta name=\"robots\" content=\"index, follow, max-snippet:-1, max-image-preview:large, max-video-preview:-1\" \/>\n<link rel=\"canonical\" href=\"https:\/\/stagetheatrechassieu.fr\/index.php\/stages-adultes-theatre-chassieu-2\/\" \/>\n<meta property=\"og:locale\" content=\"fr_FR\" \/>\n<meta property=\"og:type\" content=\"article\" \/>\n<meta property=\"og:title\" content=\"Stages adultes de th\u00e9\u00e2tre Chassieu\" \/>\n<meta property=\"og:description\" content=\"Stages de th\u00e9\u00e2tre adultes propos\u00e9s par la Compagnie D\u00e9calages sur la commune de Chassieu. Venez d\u00e9couvrir leurs forumules\" \/>\n<meta property=\"og:url\" content=\"https:\/\/stagetheatrechassieu.fr\/index.php\/stages-adultes-theatre-chassieu-2\/\" \/>\n<meta property=\"og:site_name\" content=\"Stage Th\u00e9\u00e2tre Chassieu\" \/>\n<meta property=\"article:modified_time\" content=\"2026-01-19T10:14:34+00:00\" \/>\n<meta property=\"og:image\" content=\"https:\/\/stagetheatrechassieu.fr\/wp-content\/uploads\/2024\/08\/emotions-2-1.png\" \/>\n\t<meta property=\"og:image:width\" content=\"915\" \/>\n\t<meta property=\"og:image:height\" content=\"915\" \/>\n\t<meta property=\"og:image:type\" content=\"image\/png\" \/>\n<meta name=\"twitter:card\" content=\"summary_large_image\" \/>\n<meta name=\"twitter:label1\" content=\"Dur\u00e9e de lecture estim\u00e9e\" \/>\n\t<meta name=\"twitter:data1\" content=\"4 minutes\" \/>\n<script type=\"application\/ld+json\" class=\"yoast-schema-graph\">{\"@context\":\"https:\/\/schema.org\",\"@graph\":[{\"@type\":\"WebPage\",\"@id\":\"https:\/\/stagetheatrechassieu.fr\/index.php\/stages-adultes-theatre-chassieu-2\/\",\"url\":\"https:\/\/stagetheatrechassieu.fr\/index.php\/stages-adultes-theatre-chassieu-2\/\",\"name\":\"Stages adultes de th\u00e9\u00e2tre Chassieu\",\"isPartOf\":{\"@id\":\"https:\/\/stagetheatrechassieu.fr\/#website\"},\"primaryImageOfPage\":{\"@id\":\"https:\/\/stagetheatrechassieu.fr\/index.php\/stages-adultes-theatre-chassieu-2\/#primaryimage\"},\"image\":{\"@id\":\"https:\/\/stagetheatrechassieu.fr\/index.php\/stages-adultes-theatre-chassieu-2\/#primaryimage\"},\"thumbnailUrl\":\"https:\/\/stagetheatrechassieu.fr\/wp-content\/uploads\/2024\/08\/emotions-2-1.png\",\"datePublished\":\"2024-08-07T17:53:25+00:00\",\"dateModified\":\"2026-01-19T10:14:34+00:00\",\"description\":\"Stages de th\u00e9\u00e2tre adultes propos\u00e9s par la Compagnie D\u00e9calages sur la commune de Chassieu. Venez d\u00e9couvrir leurs forumules\",\"breadcrumb\":{\"@id\":\"https:\/\/stagetheatrechassieu.fr\/index.php\/stages-adultes-theatre-chassieu-2\/#breadcrumb\"},\"inLanguage\":\"fr-FR\",\"potentialAction\":[{\"@type\":\"ReadAction\",\"target\":[\"https:\/\/stagetheatrechassieu.fr\/index.php\/stages-adultes-theatre-chassieu-2\/\"]}]},{\"@type\":\"ImageObject\",\"inLanguage\":\"fr-FR\",\"@id\":\"https:\/\/stagetheatrechassieu.fr\/index.php\/stages-adultes-theatre-chassieu-2\/#primaryimage\",\"url\":\"https:\/\/stagetheatrechassieu.fr\/wp-content\/uploads\/2024\/08\/emotions-2-1.png\",\"contentUrl\":\"https:\/\/stagetheatrechassieu.fr\/wp-content\/uploads\/2024\/08\/emotions-2-1.png\",\"width\":915,\"height\":915},{\"@type\":\"BreadcrumbList\",\"@id\":\"https:\/\/stagetheatrechassieu.fr\/index.php\/stages-adultes-theatre-chassieu-2\/#breadcrumb\",\"itemListElement\":[{\"@type\":\"ListItem\",\"position\":1,\"name\":\"Accueil\",\"item\":\"https:\/\/stagetheatrechassieu.fr\/\"},{\"@type\":\"ListItem\",\"position\":2,\"name\":\"Stages Adultes\"}]},{\"@type\":\"WebSite\",\"@id\":\"https:\/\/stagetheatrechassieu.fr\/#website\",\"url\":\"https:\/\/stagetheatrechassieu.fr\/\",\"name\":\"Stage Th\u00e9\u00e2tre Chassieu\",\"description\":\"Stages et ateliers de th\u00e9\u00e2tre amateurs pour enfants et adultes sur la commune de Chassieu\",\"publisher\":{\"@id\":\"https:\/\/stagetheatrechassieu.fr\/#organization\"},\"alternateName\":\"STC\",\"potentialAction\":[{\"@type\":\"SearchAction\",\"target\":{\"@type\":\"EntryPoint\",\"urlTemplate\":\"https:\/\/stagetheatrechassieu.fr\/?s={search_term_string}\"},\"query-input\":{\"@type\":\"PropertyValueSpecification\",\"valueRequired\":true,\"valueName\":\"search_term_string\"}}],\"inLanguage\":\"fr-FR\"},{\"@type\":\"Organization\",\"@id\":\"https:\/\/stagetheatrechassieu.fr\/#organization\",\"name\":\"Stage Th\u00e9\u00e2tre Chassieu\",\"alternateName\":\"STC\",\"url\":\"https:\/\/stagetheatrechassieu.fr\/\",\"logo\":{\"@type\":\"ImageObject\",\"inLanguage\":\"fr-FR\",\"@id\":\"https:\/\/stagetheatrechassieu.fr\/#\/schema\/logo\/image\/\",\"url\":\"https:\/\/stagetheatrechassieu.fr\/wp-content\/uploads\/2024\/07\/masque-theatre.png\",\"contentUrl\":\"https:\/\/stagetheatrechassieu.fr\/wp-content\/uploads\/2024\/07\/masque-theatre.png\",\"width\":427,\"height\":402,\"caption\":\"Stage Th\u00e9\u00e2tre Chassieu\"},\"image\":{\"@id\":\"https:\/\/stagetheatrechassieu.fr\/#\/schema\/logo\/image\/\"}}]}<\/script>\n<!-- \/ Yoast SEO plugin. -->","yoast_head_json":{"title":"Stages adultes de th\u00e9\u00e2tre Chassieu","description":"Stages de th\u00e9\u00e2tre adultes propos\u00e9s par la Compagnie D\u00e9calages sur la commune de Chassieu. Venez d\u00e9couvrir leurs forumules","robots":{"index":"index","follow":"follow","max-snippet":"max-snippet:-1","max-image-preview":"max-image-preview:large","max-video-preview":"max-video-preview:-1"},"canonical":"https:\/\/stagetheatrechassieu.fr\/index.php\/stages-adultes-theatre-chassieu-2\/","og_locale":"fr_FR","og_type":"article","og_title":"Stages adultes de th\u00e9\u00e2tre Chassieu","og_description":"Stages de th\u00e9\u00e2tre adultes propos\u00e9s par la Compagnie D\u00e9calages sur la commune de Chassieu. Venez d\u00e9couvrir leurs forumules","og_url":"https:\/\/stagetheatrechassieu.fr\/index.php\/stages-adultes-theatre-chassieu-2\/","og_site_name":"Stage Th\u00e9\u00e2tre Chassieu","article_modified_time":"2026-01-19T10:14:34+00:00","og_image":[{"width":915,"height":915,"url":"https:\/\/stagetheatrechassieu.fr\/wp-content\/uploads\/2024\/08\/emotions-2-1.png","type":"image\/png"}],"twitter_card":"summary_large_image","twitter_misc":{"Dur\u00e9e de lecture estim\u00e9e":"4 minutes"},"schema":{"@context":"https:\/\/schema.org","@graph":[{"@type":"WebPage","@id":"https:\/\/stagetheatrechassieu.fr\/index.php\/stages-adultes-theatre-chassieu-2\/","url":"https:\/\/stagetheatrechassieu.fr\/index.php\/stages-adultes-theatre-chassieu-2\/","name":"Stages adultes de th\u00e9\u00e2tre Chassieu","isPartOf":{"@id":"https:\/\/stagetheatrechassieu.fr\/#website"},"primaryImageOfPage":{"@id":"https:\/\/stagetheatrechassieu.fr\/index.php\/stages-adultes-theatre-chassieu-2\/#primaryimage"},"image":{"@id":"https:\/\/stagetheatrechassieu.fr\/index.php\/stages-adultes-theatre-chassieu-2\/#primaryimage"},"thumbnailUrl":"https:\/\/stagetheatrechassieu.fr\/wp-content\/uploads\/2024\/08\/emotions-2-1.png","datePublished":"2024-08-07T17:53:25+00:00","dateModified":"2026-01-19T10:14:34+00:00","description":"Stages de th\u00e9\u00e2tre adultes propos\u00e9s par la Compagnie D\u00e9calages sur la commune de Chassieu. Venez d\u00e9couvrir leurs forumules","breadcrumb":{"@id":"https:\/\/stagetheatrechassieu.fr\/index.php\/stages-adultes-theatre-chassieu-2\/#breadcrumb"},"inLanguage":"fr-FR","potentialAction":[{"@type":"ReadAction","target":["https:\/\/stagetheatrechassieu.fr\/index.php\/stages-adultes-theatre-chassieu-2\/"]}]},{"@type":"ImageObject","inLanguage":"fr-FR","@id":"https:\/\/stagetheatrechassieu.fr\/index.php\/stages-adultes-theatre-chassieu-2\/#primaryimage","url":"https:\/\/stagetheatrechassieu.fr\/wp-content\/uploads\/2024\/08\/emotions-2-1.png","contentUrl":"https:\/\/stagetheatrechassieu.fr\/wp-content\/uploads\/2024\/08\/emotions-2-1.png","width":915,"height":915},{"@type":"BreadcrumbList","@id":"https:\/\/stagetheatrechassieu.fr\/index.php\/stages-adultes-theatre-chassieu-2\/#breadcrumb","itemListElement":[{"@type":"ListItem","position":1,"name":"Accueil","item":"https:\/\/stagetheatrechassieu.fr\/"},{"@type":"ListItem","position":2,"name":"Stages Adultes"}]},{"@type":"WebSite","@id":"https:\/\/stagetheatrechassieu.fr\/#website","url":"https:\/\/stagetheatrechassieu.fr\/","name":"Stage Th\u00e9\u00e2tre Chassieu","description":"Stages et ateliers de th\u00e9\u00e2tre amateurs pour enfants et adultes sur la commune de Chassieu","publisher":{"@id":"https:\/\/stagetheatrechassieu.fr\/#organization"},"alternateName":"STC","potentialAction":[{"@type":"SearchAction","target":{"@type":"EntryPoint","urlTemplate":"https:\/\/stagetheatrechassieu.fr\/?s={search_term_string}"},"query-input":{"@type":"PropertyValueSpecification","valueRequired":true,"valueName":"search_term_string"}}],"inLanguage":"fr-FR"},{"@type":"Organization","@id":"https:\/\/stagetheatrechassieu.fr\/#organization","name":"Stage Th\u00e9\u00e2tre Chassieu","alternateName":"STC","url":"https:\/\/stagetheatrechassieu.fr\/","logo":{"@type":"ImageObject","inLanguage":"fr-FR","@id":"https:\/\/stagetheatrechassieu.fr\/#\/schema\/logo\/image\/","url":"https:\/\/stagetheatrechassieu.fr\/wp-content\/uploads\/2024\/07\/masque-theatre.png","contentUrl":"https:\/\/stagetheatrechassieu.fr\/wp-content\/uploads\/2024\/07\/masque-theatre.png","width":427,"height":402,"caption":"Stage Th\u00e9\u00e2tre Chassieu"},"image":{"@id":"https:\/\/stagetheatrechassieu.fr\/#\/schema\/logo\/image\/"}}]}},"_links":{"self":[{"href":"https:\/\/stagetheatrechassieu.fr\/index.php\/wp-json\/wp\/v2\/pages\/635","targetHints":{"allow":["GET"]}}],"collection":[{"href":"https:\/\/stagetheatrechassieu.fr\/index.php\/wp-json\/wp\/v2\/pages"}],"about":[{"href":"https:\/\/stagetheatrechassieu.fr\/index.php\/wp-json\/wp\/v2\/types\/page"}],"author":[{"embeddable":true,"href":"https:\/\/stagetheatrechassieu.fr\/index.php\/wp-json\/wp\/v2\/users\/1"}],"replies":[{"embeddable":true,"href":"https:\/\/stagetheatrechassieu.fr\/index.php\/wp-json\/wp\/v2\/comments?post=635"}],"version-history":[{"count":75,"href":"https:\/\/stagetheatrechassieu.fr\/index.php\/wp-json\/wp\/v2\/pages\/635\/revisions"}],"predecessor-version":[{"id":1161,"href":"https:\/\/stagetheatrechassieu.fr\/index.php\/wp-json\/wp\/v2\/pages\/635\/revisions\/1161"}],"wp:attachment":[{"href":"https:\/\/stagetheatrechassieu.fr\/index.php\/wp-json\/wp\/v2\/media?parent=635"}],"curies":[{"name":"wp","href":"https:\/\/api.w.org\/{rel}","templated":true}]}}