{"id":393,"date":"2024-07-08T14:35:36","date_gmt":"2024-07-08T12:35:36","guid":{"rendered":"http:\/\/stagetheatrechassieu.fr\/?page_id=393"},"modified":"2024-07-09T12:12:31","modified_gmt":"2024-07-09T10:12:31","slug":"mentions-legales","status":"publish","type":"page","link":"https:\/\/stagetheatrechassieu.fr\/index.php\/mentions-legales\/","title":{"rendered":"Mentions l\u00e9gales"},"content":{"rendered":"\n<h1 class=\"wp-block-heading has-text-align-center has-background-background-color has-background\">Mentions L\u00e9gales<\/h1>\n\n\n\n<div class=\"wp-block-group has-background-background-color has-background is-layout-flow wp-container-core-group-is-layout-a77db08e wp-block-group-is-layout-flow\">\n<p>Mentions l\u00e9gales: Stages Th\u00e9\u00e2tre Chassieu est un site qui regroupe des informations \u00e0 propos de stages ou d&rsquo;ateliers de th\u00e9\u00e2tre amateur pour les enfants et les adultes sur la commune de Chassieu. Les prestations sont donn\u00e9s par diff\u00e9rentes compagnies de th\u00e9\u00e2tre.<\/p>\n\n\n\n<div style=\"height:20px\" aria-hidden=\"true\" class=\"wp-block-spacer\"><\/div>\n\n\n\n<p>Compagnie Krysalis<\/p>\n\n\n\n<p>5 rue des Hirondelles<\/p>\n\n\n\n<p>69680 CHASSIEU<\/p>\n\n\n\n<p>contact@compagnie-krysalis.fr<\/p>\n\n\n\n<div style=\"height:20px\" aria-hidden=\"true\" class=\"wp-block-spacer\"><\/div>\n\n\n\n<p class=\"has-small-font-size\">H\u00e9bergeur du site : <\/p>\n\n\n\n<div style=\"height:20px\" aria-hidden=\"true\" class=\"wp-block-spacer\"><\/div>\n\n\n\n<ul class=\"wp-block-list\">\n<li>OVH<\/li>\n\n\n\n<li>Adresse : 2 rue Kellermann, 59100, Roubaix<\/li>\n\n\n\n<li>T\u00e9l\u00e9phone : 09.72.10.10.07<\/li>\n<\/ul>\n\n\n\n<div style=\"height:20px\" aria-hidden=\"true\" class=\"wp-block-spacer\"><\/div>\n\n\n\n<p class=\"has-small-font-size\">Acc\u00e8s au site : <\/p>\n\n\n\n<p>Le site\u00a0 est accessible 24 heures sur 24 et 7 jours sur 7, \u00e0 l\u2019exception des cas de force majeure, difficult\u00e9s informatiques, difficult\u00e9s li\u00e9es \u00e0 la structure des r\u00e9seaux de t\u00e9l\u00e9communications ou difficult\u00e9s techniques ou n\u00e9cessit\u00e9 de maintenance.<\/p>\n\n\n\n<p>En cas de modification, interuption ou suspension du Site, la Compagnie Krysalis ne saurait \u00eatre tenu responsable.<\/p>\n\n\n\n<div style=\"height:20px\" aria-hidden=\"true\" class=\"wp-block-spacer\"><\/div>\n\n\n\n<p class=\"has-small-font-size\">Propri\u00e9t\u00e9 intelectuelle:<\/p>\n\n\n\n<p>La reproduction, l&rsquo;utilisation, la modification de tout ou partie de ce site sur un support \u00e9lectronique ou physique quel qu\u2019il soit est formellement interdite sauf autorisation de la Compagnie Krysalis.<\/p>\n\n\n\n<div style=\"height:20px\" aria-hidden=\"true\" class=\"wp-block-spacer\"><\/div>\n\n\n\n<p class=\"has-small-font-size\">Collecte des donn\u00e9es :<\/p>\n\n\n\n<p>Ce site ne collecte aucune donn\u00e9e concernant les utilisateurs.<\/p>\n\n\n\n<div style=\"height:20px\" aria-hidden=\"true\" class=\"wp-block-spacer\"><\/div>\n\n\n\n<p class=\"has-small-font-size\">Gestion des Cookies :<\/p>\n\n\n\n<p>Afin de se limiter \u00e0 ce qui est strictement n\u00e9cessaire \u00e0 la fourniture du service et \u00eatre ainsi exempt\u00e9s de consentement conform\u00e9ment \u00e0 l&rsquo;article 82 de la loi Informatique et Libert\u00e9s, ces traceurs ont :<\/p>\n\n\n\n<ul class=\"wp-block-list\">\n<li>Une finalit\u00e9 strictement limit\u00e9e \u00e0 la seule mesure de l&rsquo;audience du site&nbsp; (mesure des performances, d\u00e9tection de probl\u00e8mes de navigation, optimisation des performances techniques ou de son ergonomie, estimation de la puissance des serveurs n\u00e9cessaires, analyse des contenus consult\u00e9s), pour le compte exclusif de la compagnie Krysalis.<\/li>\n\n\n\n<li>Servent \u00e0 reproduire des donn\u00e9es statistiques anonymes uniquement.<\/li>\n<\/ul>\n\n\n\n<p>Vous pouvez d\u00e9sactiver l&rsquo;utilisation des cookies en s\u00e9lectionnant les param\u00e8tres appropri\u00e9s de votre navigateur. Cependant, une telle d\u00e9sactivation pourrait emp\u00eacher l&rsquo;utilisation de certaines fonctionnalit\u00e9s de ce site.<\/p>\n\n\n\n<p class=\"has-text-align-right\"><a href=\"https:\/\/stagetheatrechassieu.fr\/\">Retour Accueil<\/a><\/p>\n<\/div>\n","protected":false},"excerpt":{"rendered":"<p>Mentions L\u00e9gales Mentions l\u00e9gales: Stages Th\u00e9\u00e2tre Chassieu est un site qui regroupe des informations \u00e0 propos de stages ou d&rsquo;ateliers de th\u00e9\u00e2tre amateur pour les enfants et les adultes sur la commune de Chassieu. Les prestations sont donn\u00e9s par diff\u00e9rentes compagnies de th\u00e9\u00e2tre. Compagnie Krysalis 5 rue des Hirondelles 69680 CHASSIEU contact@compagnie-krysalis.fr H\u00e9bergeur du site [&hellip;]<\/p>\n","protected":false},"author":1,"featured_media":0,"parent":0,"menu_order":0,"comment_status":"closed","ping_status":"closed","template":"","meta":{"footnotes":""},"class_list":["post-393","page","type-page","status-publish","hentry"],"yoast_head":"<!-- This site is optimized with the Yoast SEO plugin v27.2 - https:\/\/yoast.com\/product\/yoast-seo-wordpress\/ -->\n<title>Mentions l\u00e9gales stage th\u00e9\u00e2tre chassieu<\/title>\n<meta name=\"description\" content=\"Mentions l\u00e9gales du site stage th\u00e9\u00e2tre Chassieu, politiques de confidentialit\u00e9s, droit \u00e0 l&#039;image, gestion des cookies\" \/>\n<meta name=\"robots\" content=\"index, follow, max-snippet:-1, max-image-preview:large, max-video-preview:-1\" \/>\n<link rel=\"canonical\" href=\"https:\/\/stagetheatrechassieu.fr\/index.php\/mentions-legales\/\" \/>\n<meta property=\"og:locale\" content=\"fr_FR\" \/>\n<meta property=\"og:type\" content=\"article\" \/>\n<meta property=\"og:title\" content=\"Mentions l\u00e9gales stage th\u00e9\u00e2tre chassieu\" \/>\n<meta property=\"og:description\" content=\"Mentions l\u00e9gales du site stage th\u00e9\u00e2tre Chassieu, politiques de confidentialit\u00e9s, droit \u00e0 l&#039;image, gestion des cookies\" \/>\n<meta property=\"og:url\" content=\"https:\/\/stagetheatrechassieu.fr\/index.php\/mentions-legales\/\" \/>\n<meta property=\"og:site_name\" content=\"Stage Th\u00e9\u00e2tre Chassieu\" \/>\n<meta property=\"article:modified_time\" content=\"2024-07-09T10:12:31+00:00\" \/>\n<meta property=\"og:image\" content=\"https:\/\/stagetheatrechassieu.fr\/wp-content\/uploads\/2024\/07\/vignette-site-stage.jpg\" \/>\n\t<meta property=\"og:image:width\" content=\"1280\" \/>\n\t<meta property=\"og:image:height\" content=\"720\" \/>\n\t<meta property=\"og:image:type\" content=\"image\/jpeg\" \/>\n<meta name=\"twitter:card\" content=\"summary_large_image\" \/>\n<meta name=\"twitter:label1\" content=\"Dur\u00e9e de lecture estim\u00e9e\" \/>\n\t<meta name=\"twitter:data1\" content=\"2 minutes\" \/>\n<script type=\"application\/ld+json\" class=\"yoast-schema-graph\">{\"@context\":\"https:\/\/schema.org\",\"@graph\":[{\"@type\":\"WebPage\",\"@id\":\"https:\/\/stagetheatrechassieu.fr\/index.php\/mentions-legales\/\",\"url\":\"https:\/\/stagetheatrechassieu.fr\/index.php\/mentions-legales\/\",\"name\":\"Mentions l\u00e9gales stage th\u00e9\u00e2tre chassieu\",\"isPartOf\":{\"@id\":\"https:\/\/stagetheatrechassieu.fr\/#website\"},\"datePublished\":\"2024-07-08T12:35:36+00:00\",\"dateModified\":\"2024-07-09T10:12:31+00:00\",\"description\":\"Mentions l\u00e9gales du site stage th\u00e9\u00e2tre Chassieu, politiques de confidentialit\u00e9s, droit \u00e0 l'image, gestion des cookies\",\"breadcrumb\":{\"@id\":\"https:\/\/stagetheatrechassieu.fr\/index.php\/mentions-legales\/#breadcrumb\"},\"inLanguage\":\"fr-FR\",\"potentialAction\":[{\"@type\":\"ReadAction\",\"target\":[\"https:\/\/stagetheatrechassieu.fr\/index.php\/mentions-legales\/\"]}]},{\"@type\":\"BreadcrumbList\",\"@id\":\"https:\/\/stagetheatrechassieu.fr\/index.php\/mentions-legales\/#breadcrumb\",\"itemListElement\":[{\"@type\":\"ListItem\",\"position\":1,\"name\":\"Accueil\",\"item\":\"https:\/\/stagetheatrechassieu.fr\/\"},{\"@type\":\"ListItem\",\"position\":2,\"name\":\"Mentions l\u00e9gales\"}]},{\"@type\":\"WebSite\",\"@id\":\"https:\/\/stagetheatrechassieu.fr\/#website\",\"url\":\"https:\/\/stagetheatrechassieu.fr\/\",\"name\":\"Stage Th\u00e9\u00e2tre Chassieu\",\"description\":\"Stages et ateliers de th\u00e9\u00e2tre amateurs pour enfants et adultes sur la commune de Chassieu\",\"publisher\":{\"@id\":\"https:\/\/stagetheatrechassieu.fr\/#organization\"},\"alternateName\":\"STC\",\"potentialAction\":[{\"@type\":\"SearchAction\",\"target\":{\"@type\":\"EntryPoint\",\"urlTemplate\":\"https:\/\/stagetheatrechassieu.fr\/?s={search_term_string}\"},\"query-input\":{\"@type\":\"PropertyValueSpecification\",\"valueRequired\":true,\"valueName\":\"search_term_string\"}}],\"inLanguage\":\"fr-FR\"},{\"@type\":\"Organization\",\"@id\":\"https:\/\/stagetheatrechassieu.fr\/#organization\",\"name\":\"Stage Th\u00e9\u00e2tre Chassieu\",\"alternateName\":\"STC\",\"url\":\"https:\/\/stagetheatrechassieu.fr\/\",\"logo\":{\"@type\":\"ImageObject\",\"inLanguage\":\"fr-FR\",\"@id\":\"https:\/\/stagetheatrechassieu.fr\/#\/schema\/logo\/image\/\",\"url\":\"https:\/\/stagetheatrechassieu.fr\/wp-content\/uploads\/2024\/07\/masque-theatre.png\",\"contentUrl\":\"https:\/\/stagetheatrechassieu.fr\/wp-content\/uploads\/2024\/07\/masque-theatre.png\",\"width\":427,\"height\":402,\"caption\":\"Stage Th\u00e9\u00e2tre Chassieu\"},\"image\":{\"@id\":\"https:\/\/stagetheatrechassieu.fr\/#\/schema\/logo\/image\/\"}}]}<\/script>\n<!-- \/ Yoast SEO plugin. -->","yoast_head_json":{"title":"Mentions l\u00e9gales stage th\u00e9\u00e2tre chassieu","description":"Mentions l\u00e9gales du site stage th\u00e9\u00e2tre Chassieu, politiques de confidentialit\u00e9s, droit \u00e0 l'image, gestion des cookies","robots":{"index":"index","follow":"follow","max-snippet":"max-snippet:-1","max-image-preview":"max-image-preview:large","max-video-preview":"max-video-preview:-1"},"canonical":"https:\/\/stagetheatrechassieu.fr\/index.php\/mentions-legales\/","og_locale":"fr_FR","og_type":"article","og_title":"Mentions l\u00e9gales stage th\u00e9\u00e2tre chassieu","og_description":"Mentions l\u00e9gales du site stage th\u00e9\u00e2tre Chassieu, politiques de confidentialit\u00e9s, droit \u00e0 l'image, gestion des cookies","og_url":"https:\/\/stagetheatrechassieu.fr\/index.php\/mentions-legales\/","og_site_name":"Stage Th\u00e9\u00e2tre Chassieu","article_modified_time":"2024-07-09T10:12:31+00:00","og_image":[{"width":1280,"height":720,"url":"https:\/\/stagetheatrechassieu.fr\/wp-content\/uploads\/2024\/07\/vignette-site-stage.jpg","type":"image\/jpeg"}],"twitter_card":"summary_large_image","twitter_misc":{"Dur\u00e9e de lecture estim\u00e9e":"2 minutes"},"schema":{"@context":"https:\/\/schema.org","@graph":[{"@type":"WebPage","@id":"https:\/\/stagetheatrechassieu.fr\/index.php\/mentions-legales\/","url":"https:\/\/stagetheatrechassieu.fr\/index.php\/mentions-legales\/","name":"Mentions l\u00e9gales stage th\u00e9\u00e2tre chassieu","isPartOf":{"@id":"https:\/\/stagetheatrechassieu.fr\/#website"},"datePublished":"2024-07-08T12:35:36+00:00","dateModified":"2024-07-09T10:12:31+00:00","description":"Mentions l\u00e9gales du site stage th\u00e9\u00e2tre Chassieu, politiques de confidentialit\u00e9s, droit \u00e0 l'image, gestion des cookies","breadcrumb":{"@id":"https:\/\/stagetheatrechassieu.fr\/index.php\/mentions-legales\/#breadcrumb"},"inLanguage":"fr-FR","potentialAction":[{"@type":"ReadAction","target":["https:\/\/stagetheatrechassieu.fr\/index.php\/mentions-legales\/"]}]},{"@type":"BreadcrumbList","@id":"https:\/\/stagetheatrechassieu.fr\/index.php\/mentions-legales\/#breadcrumb","itemListElement":[{"@type":"ListItem","position":1,"name":"Accueil","item":"https:\/\/stagetheatrechassieu.fr\/"},{"@type":"ListItem","position":2,"name":"Mentions l\u00e9gales"}]},{"@type":"WebSite","@id":"https:\/\/stagetheatrechassieu.fr\/#website","url":"https:\/\/stagetheatrechassieu.fr\/","name":"Stage Th\u00e9\u00e2tre Chassieu","description":"Stages et ateliers de th\u00e9\u00e2tre amateurs pour enfants et adultes sur la commune de Chassieu","publisher":{"@id":"https:\/\/stagetheatrechassieu.fr\/#organization"},"alternateName":"STC","potentialAction":[{"@type":"SearchAction","target":{"@type":"EntryPoint","urlTemplate":"https:\/\/stagetheatrechassieu.fr\/?s={search_term_string}"},"query-input":{"@type":"PropertyValueSpecification","valueRequired":true,"valueName":"search_term_string"}}],"inLanguage":"fr-FR"},{"@type":"Organization","@id":"https:\/\/stagetheatrechassieu.fr\/#organization","name":"Stage Th\u00e9\u00e2tre Chassieu","alternateName":"STC","url":"https:\/\/stagetheatrechassieu.fr\/","logo":{"@type":"ImageObject","inLanguage":"fr-FR","@id":"https:\/\/stagetheatrechassieu.fr\/#\/schema\/logo\/image\/","url":"https:\/\/stagetheatrechassieu.fr\/wp-content\/uploads\/2024\/07\/masque-theatre.png","contentUrl":"https:\/\/stagetheatrechassieu.fr\/wp-content\/uploads\/2024\/07\/masque-theatre.png","width":427,"height":402,"caption":"Stage Th\u00e9\u00e2tre Chassieu"},"image":{"@id":"https:\/\/stagetheatrechassieu.fr\/#\/schema\/logo\/image\/"}}]}},"_links":{"self":[{"href":"https:\/\/stagetheatrechassieu.fr\/index.php\/wp-json\/wp\/v2\/pages\/393","targetHints":{"allow":["GET"]}}],"collection":[{"href":"https:\/\/stagetheatrechassieu.fr\/index.php\/wp-json\/wp\/v2\/pages"}],"about":[{"href":"https:\/\/stagetheatrechassieu.fr\/index.php\/wp-json\/wp\/v2\/types\/page"}],"author":[{"embeddable":true,"href":"https:\/\/stagetheatrechassieu.fr\/index.php\/wp-json\/wp\/v2\/users\/1"}],"replies":[{"embeddable":true,"href":"https:\/\/stagetheatrechassieu.fr\/index.php\/wp-json\/wp\/v2\/comments?post=393"}],"version-history":[{"count":9,"href":"https:\/\/stagetheatrechassieu.fr\/index.php\/wp-json\/wp\/v2\/pages\/393\/revisions"}],"predecessor-version":[{"id":562,"href":"https:\/\/stagetheatrechassieu.fr\/index.php\/wp-json\/wp\/v2\/pages\/393\/revisions\/562"}],"wp:attachment":[{"href":"https:\/\/stagetheatrechassieu.fr\/index.php\/wp-json\/wp\/v2\/media?parent=393"}],"curies":[{"name":"wp","href":"https:\/\/api.w.org\/{rel}","templated":true}]}}